{"id":19,"date":"2020-11-14T17:32:44","date_gmt":"2020-11-14T15:32:44","guid":{"rendered":"http:\/\/scoalahelegiu.ro\/?page_id=19"},"modified":"2020-11-14T17:32:44","modified_gmt":"2020-11-14T15:32:44","slug":"politica-de-confidentialitate","status":"publish","type":"page","link":"https:\/\/scoalahelegiu.ro\/index.php\/politica-de-confidentialitate\/","title":{"rendered":"Politic\u0103 de confiden\u021bialitate"},"content":{"rendered":"\n<p>V\u0103 mul\u021bumim pentru vizita dvs. Trat\u0103m cu maxim\u0103 seriozitate protec\u021bia confiden\u021bialit\u0103\u021bii dvs. \u0219i dorim s\u0103 v\u0103 sim\u021bi\u021bi proteja\u021bi \u00een timpul vizitei. Atunci c\u00e2nd colect\u0103m, proces\u0103m \u0219i utiliz\u0103m datele dvs. personale, respect\u0103m prevederile legale in vigoare, inclusiv <a rel=\"noreferrer noopener\" href=\"http:\/\/liviunita.ro\/regulament_2016_679.pdf\" target=\"_blank\">GDPR \u2013 Regulamentul EU 2016\/679<\/a> pentru protectia persoanelor cu privire la prelucrarea datelor cu caracter personal si libera circulatie a acestor date. Aceast\u0103 politic\u0103 de confiden\u021bialitate se aplic\u0103 doar pentru acest website.<\/p>\n","protected":false},"excerpt":{"rendered":"<p>V\u0103 mul\u021bumim pentru vizita dvs. Trat\u0103m cu maxim\u0103 seriozitate protec\u021bia confiden\u021bialit\u0103\u021bii dvs. \u0219i dorim s\u0103 v\u0103 sim\u021bi\u021bi proteja\u021bi \u00een timpul vizitei. Atunci c\u00e2nd colect\u0103m, proces\u0103m \u0219i utiliz\u0103m datele dvs. personale, respect\u0103m prevederile legale in vigoare, inclusiv GDPR \u2013 Regulamentul EU 2016\/679 pentru protectia persoanelor cu privire la prelucrarea datelor cu caracter personal si libera circulatie &hellip; <\/p>\n<p class=\"link-more\"><a href=\"https:\/\/scoalahelegiu.ro\/index.php\/politica-de-confidentialitate\/\" class=\"more-link\">Continu\u0103 lectura<span class=\"screen-reader-text\"> \u201ePolitic\u0103 de confiden\u021bialitate\u201d<\/span><\/a><\/p>\n","protected":false},"author":1,"featured_media":0,"parent":0,"menu_order":0,"comment_status":"closed","ping_status":"closed","template":"","meta":{"footnotes":""},"class_list":["post-19","page","type-page","status-publish","hentry"],"_links":{"self":[{"href":"https:\/\/scoalahelegiu.ro\/index.php\/wp-json\/wp\/v2\/pages\/19","targetHints":{"allow":["GET"]}}],"collection":[{"href":"https:\/\/scoalahelegiu.ro\/index.php\/wp-json\/wp\/v2\/pages"}],"about":[{"href":"https:\/\/scoalahelegiu.ro\/index.php\/wp-json\/wp\/v2\/types\/page"}],"author":[{"embeddable":true,"href":"https:\/\/scoalahelegiu.ro\/index.php\/wp-json\/wp\/v2\/users\/1"}],"replies":[{"embeddable":true,"href":"https:\/\/scoalahelegiu.ro\/index.php\/wp-json\/wp\/v2\/comments?post=19"}],"version-history":[{"count":1,"href":"https:\/\/scoalahelegiu.ro\/index.php\/wp-json\/wp\/v2\/pages\/19\/revisions"}],"predecessor-version":[{"id":20,"href":"https:\/\/scoalahelegiu.ro\/index.php\/wp-json\/wp\/v2\/pages\/19\/revisions\/20"}],"wp:attachment":[{"href":"https:\/\/scoalahelegiu.ro\/index.php\/wp-json\/wp\/v2\/media?parent=19"}],"curies":[{"name":"wp","href":"https:\/\/api.w.org\/{rel}","templated":true}]}}